{"id":2,"date":"2023-08-24T16:46:29","date_gmt":"2023-08-24T15:46:29","guid":{"rendered":"http:\/\/hdnfamillesgenealogie.fr\/?page_id=2"},"modified":"2025-12-08T17:15:23","modified_gmt":"2025-12-08T16:15:23","slug":"page-d-exemple","status":"publish","type":"page","link":"https:\/\/hdnfamillesgenealogie.fr\/index.php\/page-d-exemple\/","title":{"rendered":"Services de g\u00e9n\u00e9alogie"},"content":{"rendered":"\n<p>G\u00e9n\u00e9alogiste familiale , je mets mes comp\u00e9tences \u00e0 votre service pour r\u00e9aliser l&rsquo;\u00e9tude g\u00e9n\u00e9alogique dont vous r\u00eavez.<\/p>\n\n\n\n<p>Histoire familiale, histoire immobili\u00e8re, rencontre avec un de vos anc\u00eatres, d\u00e9finissons le projet qui vous convient, pour vous offrir un cadeau ou pour faire plaisir aux v\u00f4tres.<\/p>\n\n\n<div class=\"wp-block-image\">\n<figure class=\"alignleft size-thumbnail\"><img loading=\"lazy\" decoding=\"async\" width=\"150\" height=\"150\" src=\"https:\/\/hdnfamillesgenealogie.fr\/wp-content\/uploads\/2023\/10\/Arbres-genealogiques2-150x150.png\" alt=\"\" class=\"wp-image-2451\" srcset=\"https:\/\/hdnfamillesgenealogie.fr\/wp-content\/uploads\/2023\/10\/Arbres-genealogiques2-150x150.png 150w, https:\/\/hdnfamillesgenealogie.fr\/wp-content\/uploads\/2023\/10\/Arbres-genealogiques2-300x300.png 300w, https:\/\/hdnfamillesgenealogie.fr\/wp-content\/uploads\/2023\/10\/Arbres-genealogiques2.png 500w\" sizes=\"auto, (max-width: 150px) 100vw, 150px\" \/><\/figure>\n<\/div>\n\n\n<p class=\"has-text-align-left\"><strong>G\u00e9n\u00e9alogie ascendante<\/strong> <strong>de 3 \u00e0 8 g\u00e9n\u00e9rations<\/strong><br \/>Par quartiers \u00e0 partir de 300 \u20ac<br \/>Par lign\u00e9e \u00e0 partir de 250\u20ac<br \/><sub>Ces tarifs comprennent&nbsp;: la recherche, les reproductions d\u2019actes d\u2019\u00e9tat-civil, un arbre g\u00e9n\u00e9alogique format PDF.<\/sub><\/p>\n\n\n\n<div class=\"wp-block-group\"><div class=\"wp-block-group__inner-container is-layout-constrained wp-block-group-is-layout-constrained\"><div class=\"wp-block-image\">\n<figure class=\"alignleft size-medium is-resized\"><img loading=\"lazy\" decoding=\"async\" width=\"300\" height=\"300\" src=\"https:\/\/hdnfamillesgenealogie.fr\/wp-content\/uploads\/2023\/10\/Recherches-genealogiques4-300x300.png\" alt=\"\" class=\"wp-image-2450\" style=\"aspect-ratio:1;object-fit:cover;width:151px\" srcset=\"https:\/\/hdnfamillesgenealogie.fr\/wp-content\/uploads\/2023\/10\/Recherches-genealogiques4-300x300.png 300w, https:\/\/hdnfamillesgenealogie.fr\/wp-content\/uploads\/2023\/10\/Recherches-genealogiques4-150x150.png 150w, https:\/\/hdnfamillesgenealogie.fr\/wp-content\/uploads\/2023\/10\/Recherches-genealogiques4.png 500w\" sizes=\"auto, (max-width: 300px) 100vw, 300px\" \/><\/figure>\n<\/div>\n\n\n<p class=\"has-text-align-left\"><br><strong>Recherches g\u00e9n\u00e9alogiques<\/strong><br>Forfait \u00bd journ\u00e9e 150,00 \u20ac<br>Forfait journ\u00e9e 290,00 \u20ac<\/p>\n\n\n\n<p><\/p>\n<\/div><\/div>\n\n\n\n<div class=\"wp-block-group\"><div class=\"wp-block-group__inner-container is-layout-constrained wp-block-group-is-layout-constrained\">\n<div class=\"wp-block-group is-nowrap is-layout-flex wp-container-core-group-is-layout-ad2f72ca wp-block-group-is-layout-flex\">\n<figure class=\"wp-block-image size-full\"><img loading=\"lazy\" decoding=\"async\" width=\"500\" height=\"500\" src=\"https:\/\/hdnfamillesgenealogie.fr\/wp-content\/uploads\/2023\/11\/Histoire-immobiliere.png\" alt=\"\" class=\"wp-image-2520\" style=\"object-fit:cover\" srcset=\"https:\/\/hdnfamillesgenealogie.fr\/wp-content\/uploads\/2023\/11\/Histoire-immobiliere.png 500w, https:\/\/hdnfamillesgenealogie.fr\/wp-content\/uploads\/2023\/11\/Histoire-immobiliere-300x300.png 300w, https:\/\/hdnfamillesgenealogie.fr\/wp-content\/uploads\/2023\/11\/Histoire-immobiliere-150x150.png 150w\" sizes=\"auto, (max-width: 500px) 100vw, 500px\" \/><\/figure>\n\n\n\n<p><strong>Histoire immobili\u00e8re<\/strong><br \/>Sur devis, pour une maison, un jardin, l&rsquo;histoire d&rsquo;une entreprise. Que vous soyez un particulier, une structure publique ou priv\u00e9e.<\/p>\n<\/div>\n<\/div><\/div>\n\n\n\n<div class=\"wp-block-group\"><div class=\"wp-block-group__inner-container is-layout-constrained wp-block-group-is-layout-constrained\">\n<div class=\"wp-block-group is-nowrap is-layout-flex wp-container-core-group-is-layout-ad2f72ca wp-block-group-is-layout-flex\">\n<figure class=\"wp-block-image size-thumbnail\"><img loading=\"lazy\" decoding=\"async\" width=\"150\" height=\"150\" src=\"https:\/\/hdnfamillesgenealogie.fr\/wp-content\/uploads\/2023\/10\/Biographie1-150x150.png\" alt=\"\" class=\"wp-image-2452\" srcset=\"https:\/\/hdnfamillesgenealogie.fr\/wp-content\/uploads\/2023\/10\/Biographie1-150x150.png 150w, https:\/\/hdnfamillesgenealogie.fr\/wp-content\/uploads\/2023\/10\/Biographie1-300x300.png 300w, https:\/\/hdnfamillesgenealogie.fr\/wp-content\/uploads\/2023\/10\/Biographie1.png 500w\" sizes=\"auto, (max-width: 150px) 100vw, 150px\" \/><\/figure>\n\n\n\n<p class=\"has-text-align-left\"><strong>Biographie<\/strong><br>Sur devis<\/p>\n<\/div>\n<\/div><\/div>\n\n\n\n<div class=\"wp-block-group\"><div class=\"wp-block-group__inner-container is-layout-constrained wp-block-group-is-layout-constrained\"><div class=\"wp-block-image\">\n<figure class=\"alignleft size-thumbnail\"><img loading=\"lazy\" decoding=\"async\" width=\"150\" height=\"150\" src=\"https:\/\/hdnfamillesgenealogie.fr\/wp-content\/uploads\/2023\/10\/Cadeaux-genealogiques-150x150.png\" alt=\"\" class=\"wp-image-2486\" srcset=\"https:\/\/hdnfamillesgenealogie.fr\/wp-content\/uploads\/2023\/10\/Cadeaux-genealogiques-150x150.png 150w, https:\/\/hdnfamillesgenealogie.fr\/wp-content\/uploads\/2023\/10\/Cadeaux-genealogiques-300x300.png 300w, https:\/\/hdnfamillesgenealogie.fr\/wp-content\/uploads\/2023\/10\/Cadeaux-genealogiques.png 500w\" sizes=\"auto, (max-width: 150px) 100vw, 150px\" \/><\/figure>\n<\/div>\n\n\n<p class=\"has-small-font-size\"><strong>Pr\u00e9sentations originales<\/strong><br \/>Arbres de naissance, de mariage : tableau vierge \u00e0 partir de 50\u20ac, tableau renseign\u00e9 \u00e0 partir de 150\u20ac.<br \/>Jeux g\u00e9n\u00e9alogiques<br \/><br \/><\/p>\n\n\n\n<p><\/p>\n<\/div><\/div>\n\n\n\n<div class=\"wp-block-group\"><div class=\"wp-block-group__inner-container is-layout-constrained wp-block-group-is-layout-constrained\"><div class=\"wp-block-image\">\n<figure class=\"alignleft size-thumbnail\"><img loading=\"lazy\" decoding=\"async\" width=\"150\" height=\"150\" src=\"https:\/\/hdnfamillesgenealogie.fr\/wp-content\/uploads\/2023\/12\/Carte-cadeau-1-150x150.png\" alt=\"\" class=\"wp-image-2537\" srcset=\"https:\/\/hdnfamillesgenealogie.fr\/wp-content\/uploads\/2023\/12\/Carte-cadeau-1-150x150.png 150w, https:\/\/hdnfamillesgenealogie.fr\/wp-content\/uploads\/2023\/12\/Carte-cadeau-1-300x300.png 300w, https:\/\/hdnfamillesgenealogie.fr\/wp-content\/uploads\/2023\/12\/Carte-cadeau-1.png 500w\" sizes=\"auto, (max-width: 150px) 100vw, 150px\" \/><\/figure>\n<\/div>\n\n\n<p><br \/><strong>Carte cadeau<\/strong><br \/>\u00e0 partir de 50\u20ac<\/p>\n\n\n\n<p><\/p>\n<\/div><\/div>\n\n\n\n<div class=\"wp-block-group\"><div class=\"wp-block-group__inner-container is-layout-constrained wp-block-group-is-layout-constrained\"><div class=\"wp-block-image\">\n<figure class=\"alignleft size-thumbnail\"><img loading=\"lazy\" decoding=\"async\" width=\"150\" height=\"150\" src=\"https:\/\/hdnfamillesgenealogie.fr\/wp-content\/uploads\/2024\/06\/Ateliers-genealogiques-150x150.png\" alt=\"\" class=\"wp-image-2743\" srcset=\"https:\/\/hdnfamillesgenealogie.fr\/wp-content\/uploads\/2024\/06\/Ateliers-genealogiques-150x150.png 150w, https:\/\/hdnfamillesgenealogie.fr\/wp-content\/uploads\/2024\/06\/Ateliers-genealogiques-300x300.png 300w, https:\/\/hdnfamillesgenealogie.fr\/wp-content\/uploads\/2024\/06\/Ateliers-genealogiques.png 500w\" sizes=\"auto, (max-width: 150px) 100vw, 150px\" \/><\/figure>\n<\/div>\n\n\n<p><br \/><strong>Autres prestations<\/strong><br \/>Atelier g\u00e9n\u00e9alogique, conf\u00e9rence, exposition<br \/>Sur devis<br \/><\/p>\n\n\n\n<p><\/p>\n<\/div><\/div>\n\n\n\n<p><\/p>\n","protected":false},"excerpt":{"rendered":"<p>G\u00e9n\u00e9alogiste familiale , je mets mes comp\u00e9tences \u00e0 votre service pour r\u00e9aliser l&rsquo;\u00e9tude g\u00e9n\u00e9alogique dont vous r\u00eavez. Histoire familiale, histoire immobili\u00e8re, rencontre avec un de vos anc\u00eatres, d\u00e9finissons le projet qui vous convient, pour vous offrir un cadeau ou pour faire plaisir aux v\u00f4tres. G\u00e9n\u00e9alogie ascendante de 3 \u00e0 8 g\u00e9n\u00e9rationsPar quartiers \u00e0 partir de&hellip; <a class=\"more-link\" href=\"https:\/\/hdnfamillesgenealogie.fr\/index.php\/page-d-exemple\/\">Poursuivre la lecture <span class=\"screen-reader-text\">Services de g\u00e9n\u00e9alogie<\/span><\/a><\/p>\n","protected":false},"author":1,"featured_media":0,"parent":0,"menu_order":0,"comment_status":"closed","ping_status":"open","template":"","meta":{"advanced_seo_description":"","jetpack_seo_html_title":"","jetpack_seo_noindex":false,"jetpack_post_was_ever_published":false,"footnotes":""},"class_list":["post-2","page","type-page","status-publish","hentry","entry"],"jetpack_sharing_enabled":true,"_links":{"self":[{"href":"https:\/\/hdnfamillesgenealogie.fr\/index.php\/wp-json\/wp\/v2\/pages\/2","targetHints":{"allow":["GET"]}}],"collection":[{"href":"https:\/\/hdnfamillesgenealogie.fr\/index.php\/wp-json\/wp\/v2\/pages"}],"about":[{"href":"https:\/\/hdnfamillesgenealogie.fr\/index.php\/wp-json\/wp\/v2\/types\/page"}],"author":[{"embeddable":true,"href":"https:\/\/hdnfamillesgenealogie.fr\/index.php\/wp-json\/wp\/v2\/users\/1"}],"replies":[{"embeddable":true,"href":"https:\/\/hdnfamillesgenealogie.fr\/index.php\/wp-json\/wp\/v2\/comments?post=2"}],"version-history":[{"count":37,"href":"https:\/\/hdnfamillesgenealogie.fr\/index.php\/wp-json\/wp\/v2\/pages\/2\/revisions"}],"predecessor-version":[{"id":3790,"href":"https:\/\/hdnfamillesgenealogie.fr\/index.php\/wp-json\/wp\/v2\/pages\/2\/revisions\/3790"}],"wp:attachment":[{"href":"https:\/\/hdnfamillesgenealogie.fr\/index.php\/wp-json\/wp\/v2\/media?parent=2"}],"curies":[{"name":"wp","href":"https:\/\/api.w.org\/{rel}","templated":true}]}}