{"id":9,"date":"2021-02-13T11:01:40","date_gmt":"2021-02-13T09:01:40","guid":{"rendered":"https:\/\/histoiresdenosfamilles.wordpress.com\/?page_id=9"},"modified":"2025-12-08T17:16:36","modified_gmt":"2025-12-08T16:16:36","slug":"about","status":"publish","type":"page","link":"https:\/\/hdnfamillesgenealogie.fr\/index.php\/about\/","title":{"rendered":"Transmission &amp; m\u00e9moire familiale"},"content":{"rendered":"\n<div style=\"height:20px\" aria-hidden=\"true\" class=\"wp-block-spacer\"><\/div>\n\n\n\n<div class=\"wp-block-columns alignwide is-layout-flex wp-container-core-columns-is-layout-9d6595d7 wp-block-columns-is-layout-flex\">\n<div class=\"wp-block-column is-layout-flow wp-block-column-is-layout-flow\" style=\"flex-basis:100%\">\n<div class=\"wp-block-group alignfull\"><div class=\"wp-block-group__inner-container is-layout-flow wp-block-group-is-layout-flow\">\n<div class=\"wp-block-jetpack-layout-grid alignfull column1-desktop-grid__span-3 column1-desktop-grid__start-2 column1-desktop-grid__row-1 column2-desktop-grid__span-6 column2-desktop-grid__start-6 column2-desktop-grid__row-1 column1-tablet-grid__span-3 column1-tablet-grid__row-1 column2-tablet-grid__span-5 column2-tablet-grid__start-4 column2-tablet-grid__row-1 column1-mobile-grid__span-4 column1-mobile-grid__row-1 column2-mobile-grid__span-4 column2-mobile-grid__row-2 are-vertically-aligned-center\">\n<div class=\"wp-block-jetpack-layout-grid-column wp-block-jetpack-layout-grid__padding-none is-vertically-aligned-center\">\n<figure class=\"wp-block-image size-large is-style-circle-mask\"><img loading=\"lazy\" decoding=\"async\" width=\"500\" height=\"480\" src=\"https:\/\/histoiresdenosfamilles.files.wordpress.com\/2021\/02\/cropped-logo-hdnf.png?w=500\" alt=\"\" class=\"wp-image-226\" srcset=\"https:\/\/hdnfamillesgenealogie.fr\/wp-content\/uploads\/2021\/02\/cropped-logo-hdnf.png 500w, https:\/\/hdnfamillesgenealogie.fr\/wp-content\/uploads\/2021\/02\/cropped-logo-hdnf-300x288.png 300w\" sizes=\"auto, (max-width: 500px) 100vw, 500px\" \/><\/figure>\n\n\n\n<p><\/p>\n\n\n\n<figure class=\"wp-block-image size-full\"><img loading=\"lazy\" decoding=\"async\" width=\"1000\" height=\"1000\" src=\"https:\/\/hdnfamillesgenealogie.fr\/wp-content\/uploads\/2023\/10\/LOGO_UProG_Carre_Transparent-1.png\" alt=\"\" class=\"wp-image-2411\" srcset=\"https:\/\/hdnfamillesgenealogie.fr\/wp-content\/uploads\/2023\/10\/LOGO_UProG_Carre_Transparent-1.png 1000w, https:\/\/hdnfamillesgenealogie.fr\/wp-content\/uploads\/2023\/10\/LOGO_UProG_Carre_Transparent-1-300x300.png 300w, https:\/\/hdnfamillesgenealogie.fr\/wp-content\/uploads\/2023\/10\/LOGO_UProG_Carre_Transparent-1-150x150.png 150w, https:\/\/hdnfamillesgenealogie.fr\/wp-content\/uploads\/2023\/10\/LOGO_UProG_Carre_Transparent-1-768x768.png 768w\" sizes=\"auto, (max-width: 1000px) 100vw, 1000px\" \/><figcaption class=\"wp-element-caption\">Membre de l&rsquo;Union Professionnelle de G\u00e9n\u00e9alogistes Familiaux<\/figcaption><\/figure>\n\n\n\n<p><\/p>\n\n\n<div class=\"wp-block-image\">\n<figure class=\"aligncenter size-large\"><img decoding=\"async\" src=\"https:\/\/histoiresdenosfamilles.files.wordpress.com\/2022\/02\/logo_geneatech_blog.webp?w=220\" alt=\"\" class=\"wp-image-1371\"\/><figcaption class=\"wp-element-caption\">Membre de Geneatech<\/figcaption><\/figure>\n<\/div><\/div>\n\n\n\n<div class=\"wp-block-jetpack-layout-grid-column wp-block-jetpack-layout-grid__padding-none is-vertically-aligned-center\">\n<h1 class=\"wp-block-heading has-extra-large-font-size\" id=\"brochure-magazine-blog\">Laurence Porte-Marzin<\/h1>\n\n\n\n<h2 class=\"wp-block-heading has-large-font-size\">G\u00e9n\u00e9alogiste familiale professionnelle<\/h2>\n\n\n\n<p>Un jour, j\u2019ai eu envie d\u2019offrir \u00e0 mes proches les fruits de mes recherches g\u00e9n\u00e9alogiques.<\/p>\n\n\n\n<p>Deux num\u00e9ros d\u2019Histoires De Nos Familles sont parvenus par mail \u00e0 une dizaine de personnes. C&rsquo;\u00e9tait il y a plus de dix ans&#8230;<\/p>\n\n\n\n<p>D\u00e9but 2021, HDNFamilles a repris du service sous forme de blog.<\/p>\n\n\n\n<p>Aujourd&rsquo;hui, titulaire du DU Histoire et G\u00e9n\u00e9alogie Familiale de l&rsquo;universit\u00e9 du Mans, une nouvelle page s&rsquo;ouvre pour Histoires De Nos Familles, qui devient \u00e9tude g\u00e9n\u00e9alogique.<\/p>\n\n\n\n<p>Pour que, vous aussi, vous alliez \u00e0 la rencontre de vos anc\u00eatres\u2026<\/p>\n<\/div>\n<\/div>\n<\/div><\/div>\n<\/div>\n<\/div>\n\n\n\n\n\n<p><\/p>\n","protected":false},"excerpt":{"rendered":"<p>Laurence Porte-Marzin G\u00e9n\u00e9alogiste familiale professionnelle Un jour, j\u2019ai eu envie d\u2019offrir \u00e0 mes proches les fruits de mes recherches g\u00e9n\u00e9alogiques. Deux num\u00e9ros d\u2019Histoires De Nos Familles sont parvenus par mail \u00e0 une dizaine de personnes. C&rsquo;\u00e9tait il y a plus de dix ans&#8230; D\u00e9but 2021, HDNFamilles a repris du service sous forme de blog. Aujourd&rsquo;hui,&hellip; <a class=\"more-link\" href=\"https:\/\/hdnfamillesgenealogie.fr\/index.php\/about\/\">Poursuivre la lecture <span class=\"screen-reader-text\">Transmission &amp; m\u00e9moire familiale<\/span><\/a><\/p>\n","protected":false},"author":1,"featured_media":0,"parent":0,"menu_order":0,"comment_status":"closed","ping_status":"closed","template":"","meta":{"advanced_seo_description":"","jetpack_seo_html_title":"","jetpack_seo_noindex":false,"jetpack_post_was_ever_published":false,"footnotes":""},"class_list":["post-9","page","type-page","status-publish","hentry","entry"],"jetpack_sharing_enabled":false,"_links":{"self":[{"href":"https:\/\/hdnfamillesgenealogie.fr\/index.php\/wp-json\/wp\/v2\/pages\/9","targetHints":{"allow":["GET"]}}],"collection":[{"href":"https:\/\/hdnfamillesgenealogie.fr\/index.php\/wp-json\/wp\/v2\/pages"}],"about":[{"href":"https:\/\/hdnfamillesgenealogie.fr\/index.php\/wp-json\/wp\/v2\/types\/page"}],"author":[{"embeddable":true,"href":"https:\/\/hdnfamillesgenealogie.fr\/index.php\/wp-json\/wp\/v2\/users\/1"}],"replies":[{"embeddable":true,"href":"https:\/\/hdnfamillesgenealogie.fr\/index.php\/wp-json\/wp\/v2\/comments?post=9"}],"version-history":[{"count":8,"href":"https:\/\/hdnfamillesgenealogie.fr\/index.php\/wp-json\/wp\/v2\/pages\/9\/revisions"}],"predecessor-version":[{"id":3791,"href":"https:\/\/hdnfamillesgenealogie.fr\/index.php\/wp-json\/wp\/v2\/pages\/9\/revisions\/3791"}],"wp:attachment":[{"href":"https:\/\/hdnfamillesgenealogie.fr\/index.php\/wp-json\/wp\/v2\/media?parent=9"}],"curies":[{"name":"wp","href":"https:\/\/api.w.org\/{rel}","templated":true}]}}